{"id":1690,"date":"2022-08-28T20:05:08","date_gmt":"2022-08-28T18:05:08","guid":{"rendered":"https:\/\/menoelle.cz\/?page_id=1690"},"modified":"2022-09-25T17:11:16","modified_gmt":"2022-09-25T15:11:16","slug":"newsletter","status":"publish","type":"page","link":"https:\/\/menoelle.cz\/de\/newsletter\/","title":{"rendered":"Newsletter"},"content":{"rendered":"\n      <div id=\"block_63282a9d14fe4\" class=\"flex-custom-bg alignfull not-prose l-block\" >\n  \n  \n            <div class=\"gradient-07 - Default - Opacity 0.7 \">\n            \n\n      <div id=\"block_630bad3af5dff\" class=\"content-with-list-and-image alignfull not-prose l-block\" >\n  \n  \n        <section class=\"content-with-list-and-image-wrapper  newsletter-padding\">\n        <div class=\"container\">\n            <div class=\"row items-center\">\n                \n                <div class=\"col-lg-6 col-md-6 col-12\">\n                    <div class=\"row\">\n                        <div class=\"col-lg-12\">\n                                                            <div class=\"small-header \">\n                                    Newsletter\n                                <\/div>\n                            \n                                                        \n                            \n                                                            <div class=\"bigger-font\" >\n                                    Profitieren Sie von 10% Willkommensrabatt und Informationen rund um die Wechseljahre\n                                <\/div>\n                            \n                                                            <div class=\"description\" >\n                                    <p>Melden Sie sich jetzt f\u00fcr unseren Newsletter an und erhalten Sie zuk\u00fcnftig interessante Neuigkeiten rund um das Thema Wechseljahre und menoelle. Als Dankesch\u00f6n f\u00fcr Ihre Anmeldung erhalten Sie von uns einen menoelle<sup>\u00ae<\/sup> Einkaufsgutschein.<\/p>\n                                <\/div>\n                            \n                            \n\n                                                            <div class=\"flex checklist\">\n                                    \n                                        <div class=\"flex check-item\">\n                                            <img decoding=\"async\" src=\"https:\/\/menoelle.cz\/wp-content\/themes\/menoelle\/assets\/img\/icons\/icon-check.svg\" \/>\n                                            <p>Willkommensgeschenk<\/p>\n                                        <\/div>\n\n                                    \n                                        <div class=\"flex check-item\">\n                                            <img decoding=\"async\" src=\"https:\/\/menoelle.cz\/wp-content\/themes\/menoelle\/assets\/img\/icons\/icon-check.svg\" \/>\n                                            <p>Abmeldung jederzeit m\u00f6glich<\/p>\n                                        <\/div>\n\n                                                                    <\/div>\n                            \n                                                            <div class=\"form-area\">\n                                    \n<div class=\"wpcf7 no-js\" id=\"wpcf7-f862-o1\" lang=\"en-US\" dir=\"ltr\" data-wpcf7-id=\"862\">\n<div class=\"screen-reader-response\"><p role=\"status\" aria-live=\"polite\" aria-atomic=\"true\"><\/p> <ul><\/ul><\/div>\n<form action=\"\/de\/wp-json\/wp\/v2\/pages\/1690#wpcf7-f862-o1\" method=\"post\" class=\"wpcf7-form init wpcf7-acceptance-as-validation\" aria-label=\"Contact form\" novalidate=\"novalidate\" data-status=\"init\">\n<div style=\"display: none;\">\n<input type=\"hidden\" name=\"_wpcf7\" value=\"862\" \/>\n<input type=\"hidden\" name=\"_wpcf7_version\" value=\"6.0.3\" \/>\n<input type=\"hidden\" name=\"_wpcf7_locale\" value=\"en_US\" \/>\n<input type=\"hidden\" name=\"_wpcf7_unit_tag\" value=\"wpcf7-f862-o1\" \/>\n<input type=\"hidden\" name=\"_wpcf7_container_post\" value=\"0\" \/>\n<input type=\"hidden\" name=\"_wpcf7_posted_data_hash\" value=\"\" \/>\n<input type=\"hidden\" name=\"_wpcf7_recaptcha_response\" value=\"\" \/>\n<\/div>\n<div class=\"newsletter-form\">\n    <div class=\"input-group\">\n        <span class=\"wpcf7-form-control-wrap\" data-name=\"email\"><input size=\"40\" maxlength=\"400\" class=\"wpcf7-form-control wpcf7-email wpcf7-validates-as-required wpcf7-text wpcf7-validates-as-email\" aria-required=\"true\" aria-invalid=\"false\" placeholder=\"E-Mail-Adresse\" value=\"\" type=\"email\" name=\"email\" \/><\/span>\n        <button type=\"submit\" class=\"send-btn\"><div class=\"flex items-center justify-between justify-mobile\">Jetzt anmelden<img decoding=\"async\" src=\"\/wp-content\/themes\/menoelle\/assets\/img\/icons\/white-circle-arrow.svg\"\/><\/div><\/button>\n    <\/div>\n    <div class=\"acceptance-wrapper\">\n        <span class=\"wpcf7-form-control-wrap\" data-name=\"acceptance\"><span class=\"wpcf7-form-control wpcf7-acceptance\"><span class=\"wpcf7-list-item\"><label><input type=\"checkbox\" name=\"acceptance\" value=\"1\" aria-invalid=\"false\" \/><span class=\"wpcf7-list-item-label\">Ich stimme zu, dass meine Angaben aus dem Kontaktformular zur Beantwortung meiner Anfrage erhoben und verarbeitet werden. Hinweis: Sie k\u00f6nnen Ihre Einwilligung jederzeit f\u00fcr die Zukunft per E-Mail an <a href=\"mailto:hello@menoelle.cz\">hello@menoelle.cz<\/a> widerrufen. Detaillierte Informationen zum Umgang mit Nutzerdaten finden Sie in unserer <a href=\"https:\/\/menoelle.cz\/datenschutzerklaerung\">Datenschutzerkl\u00e4rung<\/a>.<\/span><\/label><\/span><\/span><\/span>\n    <\/div>\n<\/div><div class=\"wpcf7-response-output\" aria-hidden=\"true\"><\/div>\n<\/form>\n<\/div>\n                                <\/div>\n                            \n                            \n                        <\/div>\n                    <\/div>\n                <\/div>\n\n                                    <div class=\"col-lg-6 col-md-6 col-12 image-wrapper \">\n                        <img decoding=\"async\" width=\"793\" height=\"800\" src=\"https:\/\/menoelle.cz\/wp-content\/uploads\/2022\/08\/Group-12347.png\" class=\"attachment-custom-medium size-custom-medium\" alt=\"Zufriedene l\u00e4chelnde Frau mit der Tasse\" srcset=\"https:\/\/menoelle.cz\/wp-content\/uploads\/2022\/08\/Group-12347.png 1410w, https:\/\/menoelle.cz\/wp-content\/uploads\/2022\/08\/Group-12347-100x100.png 100w, https:\/\/menoelle.cz\/wp-content\/uploads\/2022\/08\/Group-12347-600x605.png 600w, https:\/\/menoelle.cz\/wp-content\/uploads\/2022\/08\/Group-12347-297x300.png 297w, https:\/\/menoelle.cz\/wp-content\/uploads\/2022\/08\/Group-12347-1015x1024.png 1015w, https:\/\/menoelle.cz\/wp-content\/uploads\/2022\/08\/Group-12347-150x150.png 150w, https:\/\/menoelle.cz\/wp-content\/uploads\/2022\/08\/Group-12347-768x775.png 768w, https:\/\/menoelle.cz\/wp-content\/uploads\/2022\/08\/Group-12347-23x23.png 23w\" sizes=\"(max-width: 793px) 100vw, 793px\" \/>\n                                            <\/div>\n                            <\/div>\n        <\/div>\n    <\/section>\n\n<\/div>\n\n        <\/div>\n    \n\n<\/div>","protected":false},"excerpt":{"rendered":"","protected":false},"author":294,"featured_media":0,"parent":0,"menu_order":9,"comment_status":"closed","ping_status":"closed","template":"","meta":{"footnotes":""},"class_list":["post-1690","page","type-page","status-publish",""],"acf":[],"_links":{"self":[{"href":"https:\/\/menoelle.cz\/de\/wp-json\/wp\/v2\/pages\/1690","targetHints":{"allow":["GET"]}}],"collection":[{"href":"https:\/\/menoelle.cz\/de\/wp-json\/wp\/v2\/pages"}],"about":[{"href":"https:\/\/menoelle.cz\/de\/wp-json\/wp\/v2\/types\/page"}],"author":[{"embeddable":true,"href":"https:\/\/menoelle.cz\/de\/wp-json\/wp\/v2\/users\/294"}],"replies":[{"embeddable":true,"href":"https:\/\/menoelle.cz\/de\/wp-json\/wp\/v2\/comments?post=1690"}],"version-history":[{"count":0,"href":"https:\/\/menoelle.cz\/de\/wp-json\/wp\/v2\/pages\/1690\/revisions"}],"wp:attachment":[{"href":"https:\/\/menoelle.cz\/de\/wp-json\/wp\/v2\/media?parent=1690"}],"curies":[{"name":"wp","href":"https:\/\/api.w.org\/{rel}","templated":true}]}}