{"id":22059,"date":"2022-10-20T14:54:10","date_gmt":"2022-10-20T12:54:10","guid":{"rendered":"https:\/\/menoelle.cz\/?page_id=22059"},"modified":"2023-05-18T19:12:46","modified_gmt":"2023-05-18T17:12:46","slug":"fachbereich","status":"publish","type":"page","link":"https:\/\/menoelle.cz\/de\/fachbereich\/","title":{"rendered":"Fachbereich"},"content":{"rendered":"\n      <div id=\"block_70e3321a2919d534da394784e4330194\" class=\"flex-custom-bg alignfull not-prose l-block\" >\n  \n  \n            <div class=\"gradient-1 - Default - Opacity 1 \">\n            \n        <\/div>\n    \n\n<\/div>\n\n\n      <div id=\"block_dbb95b70ee252b9f49bd573c5b81d338\" class=\"flex-custom-bg alignfull not-prose l-block\" >\n  \n  \n            <div class=\"gradient-1 - Default - Opacity 1 \">\n            \n\n      <div id=\"block_742881b1099606b2532b046036a3bc56\" class=\"content-with-list-and-image alignfull not-prose l-block\" >\n  \n  \n        <section class=\"content-with-list-and-image-wrapper  \">\n        <div class=\"container\">\n            <div class=\"row items-center\">\n                \n                <div class=\"col-lg-6 col-md-6 col-12\">\n                    <div class=\"row\">\n                        <div class=\"col-lg-12\">\n                                                            <div class=\"small-header small-margin\">\n                                    FACHBEREICH\n                                <\/div>\n                            \n                                                            <a href=\"#form\" class=\"inline-flex purple-btn\" >\n                                    <span>Neu registrieren<\/span>\n                                    <img decoding=\"async\" src=\"https:\/\/menoelle.cz\/wp-content\/themes\/menoelle\/assets\/img\/icons\/white-circle-arrow.svg\" alt=\"Arrow\" \/>\n                                <\/a>\n                                                        \n                                                            <a href=\"https:\/\/menoelle.cz\/my-account\" class=\"inline-flex purple-btn\" >\n                                    <span>Einloggen<\/span>\n                                    <img decoding=\"async\" src=\"https:\/\/menoelle.cz\/wp-content\/themes\/menoelle\/assets\/img\/icons\/white-circle-arrow.svg\" alt=\"Arrow\" \/>\n                                <\/a>\n                            \n                                                            <div class=\"bigger-font\" >\n                                    Jetzt als \u201emedizinische Fachperson\u201c im Fachbereich registrieren und von folgenden Vorteilen profitieren:\n                                <\/div>\n                            \n                                                            <div class=\"description\" >\n                                    <ul>\n<li><strong>Facheinkaufspreise: <\/strong>Als medizinische Fachperson kaufen Sie bei uns zu H\u00e4ndlerpreisen ein und dies bereits ab 1 St\u00fcck<\/li>\n<li><strong>Wissenschaftliche Neuigkeiten zum Themenfeld Wechseljahre: <\/strong>Als Experten im Bereich Wechseljahre arbeiten wir mit Fach\u00e4rztinnen\/Fach\u00e4rzten sowie WissenschaftlerInnen laufend an wertvollen Informationsangeboten f\u00fcr Sie.<\/li>\n<li><strong>Aktionen bei Neuprodukteinf\u00fchrungen: <\/strong>U.a. bei Neuprodukteinf\u00fchrungen binden wir gerne die Fachschaft ein, um direktes Feedback aus erster Hand zu erhalten und Ihnen einen direkten Erfahrungswert zu erm\u00f6glichen.<\/li>\n<li><strong>Webinar-Angebote: <\/strong>Zusammen mit unseren wissenschaftlichen und medizinischen Kollegen bieten wir regelm\u00e4\u00dfig Informations-Webinare im Themenbereich Wechseljahre f\u00fcr Sie an.<\/li>\n<\/ul>\n                                <\/div>\n                            \n                            \n\n                            \n                            \n                            \n                        <\/div>\n                    <\/div>\n                <\/div>\n\n                                    <div class=\"col-lg-6 col-md-6 col-12 image-wrapper \">\n                        <img decoding=\"async\" width=\"800\" height=\"603\" src=\"https:\/\/menoelle.cz\/wp-content\/uploads\/2022\/10\/fachshop_2x.png\" class=\"attachment-custom-medium size-custom-medium\" alt=\"\" srcset=\"https:\/\/menoelle.cz\/wp-content\/uploads\/2022\/10\/fachshop_2x.png 1300w, https:\/\/menoelle.cz\/wp-content\/uploads\/2022\/10\/fachshop_2x-300x226.png 300w, https:\/\/menoelle.cz\/wp-content\/uploads\/2022\/10\/fachshop_2x-1024x772.png 1024w, https:\/\/menoelle.cz\/wp-content\/uploads\/2022\/10\/fachshop_2x-768x579.png 768w, https:\/\/menoelle.cz\/wp-content\/uploads\/2022\/10\/fachshop_2x-28x21.png 28w, https:\/\/menoelle.cz\/wp-content\/uploads\/2022\/10\/fachshop_2x-600x452.png 600w\" sizes=\"(max-width: 800px) 100vw, 800px\" \/>\n                                            <\/div>\n                            <\/div>\n        <\/div>\n    <\/section>\n\n<\/div>\n\n        <\/div>\n    \n\n<\/div>\n\n\n      <div id=\"block_66ffc821f14898d8ef39715f2cae2082\" class=\"form-holder alignfull not-prose l-block\" >\n  \n  \n        <section class=\"form-holder-wrapper contact-form-wrapper\" id=\"form\">\n        <div class=\"container max-w-content-form-holder aos-init\" data-aos=\"fade-up\" data-aos-easing=\"ease-in-out\" data-aos-duration=\"500\" data-aos-delay=\"0\" data-aos-offset=\"50\">\n            <h2 class=\"header\">\n                Registrierung f\u00fcr Fachbereich\n            <\/h2>\n            <div class=\"small-text aos-init\" data-aos=\"fade-up\" data-aos-easing=\"ease-in-out\" data-aos-duration=\"500\" data-aos-delay=\"0\" data-aos-offset=\"50\">\n                *Pfilchtfelder            <\/div>\n            <div class='aos-init' data-aos=\"fade-up\" data-aos-easing=\"ease-in-out\" data-aos-duration=\"500\" data-aos-delay=\"0\" data-aos-offset=\"50\">\n                <p class=\"wpcf7-contact-form-not-found\"><strong>Fehler:<\/strong> Kontaktformular wurde nicht gefunden.<\/p>            <\/div>\n        <\/div>\n    <\/section>\n\n<\/div>","protected":false},"excerpt":{"rendered":"","protected":false},"author":294,"featured_media":0,"parent":0,"menu_order":11,"comment_status":"closed","ping_status":"closed","template":"","meta":{"footnotes":""},"class_list":["post-22059","page","type-page","status-publish",""],"acf":[],"_links":{"self":[{"href":"https:\/\/menoelle.cz\/de\/wp-json\/wp\/v2\/pages\/22059","targetHints":{"allow":["GET"]}}],"collection":[{"href":"https:\/\/menoelle.cz\/de\/wp-json\/wp\/v2\/pages"}],"about":[{"href":"https:\/\/menoelle.cz\/de\/wp-json\/wp\/v2\/types\/page"}],"author":[{"embeddable":true,"href":"https:\/\/menoelle.cz\/de\/wp-json\/wp\/v2\/users\/294"}],"replies":[{"embeddable":true,"href":"https:\/\/menoelle.cz\/de\/wp-json\/wp\/v2\/comments?post=22059"}],"version-history":[{"count":4,"href":"https:\/\/menoelle.cz\/de\/wp-json\/wp\/v2\/pages\/22059\/revisions"}],"predecessor-version":[{"id":25827,"href":"https:\/\/menoelle.cz\/de\/wp-json\/wp\/v2\/pages\/22059\/revisions\/25827"}],"wp:attachment":[{"href":"https:\/\/menoelle.cz\/de\/wp-json\/wp\/v2\/media?parent=22059"}],"curies":[{"name":"wp","href":"https:\/\/api.w.org\/{rel}","templated":true}]}}