{"id":27681,"date":"2023-10-12T10:06:54","date_gmt":"2023-10-12T08:06:54","guid":{"rendered":"https:\/\/menoelle.cz\/prohlaseni-o-ochrane-osobnich-udaju-eu\/"},"modified":"2023-10-12T10:08:45","modified_gmt":"2023-10-12T08:08:45","slug":"prohlaseni-o-ochrane-osobnich-udaju-eu","status":"publish","type":"page","link":"https:\/\/menoelle.cz\/de\/prohlaseni-o-ochrane-osobnich-udaju-eu\/","title":{"rendered":"Prohl\u00e1\u0161en\u00ed o ochran\u011b osobn\u00edch \u00fadaj\u016f (EU)"},"content":{"rendered":"","protected":false},"excerpt":{"rendered":"","protected":false},"author":294,"featured_media":0,"parent":0,"menu_order":0,"comment_status":"closed","ping_status":"closed","template":"","meta":{"footnotes":""},"class_list":["post-27681","page","type-page","status-publish",""],"acf":[],"_links":{"self":[{"href":"https:\/\/menoelle.cz\/de\/wp-json\/wp\/v2\/pages\/27681","targetHints":{"allow":["GET"]}}],"collection":[{"href":"https:\/\/menoelle.cz\/de\/wp-json\/wp\/v2\/pages"}],"about":[{"href":"https:\/\/menoelle.cz\/de\/wp-json\/wp\/v2\/types\/page"}],"author":[{"embeddable":true,"href":"https:\/\/menoelle.cz\/de\/wp-json\/wp\/v2\/users\/294"}],"replies":[{"embeddable":true,"href":"https:\/\/menoelle.cz\/de\/wp-json\/wp\/v2\/comments?post=27681"}],"version-history":[{"count":1,"href":"https:\/\/menoelle.cz\/de\/wp-json\/wp\/v2\/pages\/27681\/revisions"}],"predecessor-version":[{"id":27684,"href":"https:\/\/menoelle.cz\/de\/wp-json\/wp\/v2\/pages\/27681\/revisions\/27684"}],"wp:attachment":[{"href":"https:\/\/menoelle.cz\/de\/wp-json\/wp\/v2\/media?parent=27681"}],"curies":[{"name":"wp","href":"https:\/\/api.w.org\/{rel}","templated":true}]}}