{"id":46,"date":"2022-08-02T13:25:23","date_gmt":"2022-08-02T11:25:23","guid":{"rendered":"https:\/\/menoelle.cz\/?page_id=46"},"modified":"2023-06-07T15:43:37","modified_gmt":"2023-06-07T13:43:37","slug":"wechseljahre-test","status":"publish","type":"page","link":"https:\/\/menoelle.cz\/de\/wechseljahre-test\/","title":{"rendered":"Menotest"},"content":{"rendered":"\n      <div id=\"block_e3ef605e35e60e555330880803129710\" class=\"flex-custom-bg alignfull not-prose l-block\" >\n  \n  \n            <div class=\"gradient-07 - Default - Opacity 0.7 \">\n            \n\n      <div id=\"block_0ecab8d12d6f7eb0823cb3b6c7a80c7a\" class=\"content-with-list-and-image alignfull not-prose l-block menotest-padding\" >\n  \n  \n        <section class=\"content-with-list-and-image-wrapper  \">\n        <div class=\"container\">\n            <div class=\"row items-center\">\n                \n                <div class=\"col-lg-6 col-md-6 col-12\">\n                    <div class=\"row\">\n                        <div class=\"col-lg-12\">\n                                                            <h1 class=\"small-header \">\n                                    MENOTEST &#8211; WECHSELJAHRE\n                                <\/h1>\n                            \n                                                        \n                            \n                                                            <div class=\"bigger-font\" >\n                                    menoelle<sup>\u00ae<\/sup>-Wechseljahrestest<br \/>\nBin ich bereits in den Wechseljahren oder noch nicht?\n                                <\/div>\n                            \n                                                            <div class=\"description\" >\n                                    <h3>Beantworten Sie einfach die 20 kurzen Fragen unseres menoelle\u00ae-Wechseljahrestests und Sie wissen sofort mehr.<\/h3>\n<ul>\n<li><strong>Der Test orientiert sich an den typischen Wechseljahresbeschwerden<\/strong> und deren Auspr\u00e4gung, allerdings k\u00f6nnen manche Symptome (wie schlechter Schlaf) auch vorkommen, ohne dass Wechseljahre vorliegen.<\/li>\n<li><strong>Der Test soll und kann er einen Besuch bei einer \u00c4rzt:in nicht ersetzen.<\/strong> Er ist dazu gedacht, Ihnen schnell und unkompliziert eine erste Orientierung zu geben.<\/li>\n<li><strong>Der Test ist so konzipiert, dass er nur bei Frauen in einem bestimmten Altersbereich eine gewisse Aussagekraft hat<\/strong> und deshalb nicht f\u00fcr Frauen gedacht ist, die j\u00fcnger als 35 oder \u00e4lter als 65 Jahre sind.<\/li>\n<\/ul>\n                                <\/div>\n                            \n                            \n\n                            \n                            \n                            \n                        <\/div>\n                    <\/div>\n                <\/div>\n\n                                    <div class=\"col-lg-6 col-md-6 col-12 image-wrapper \">\n                        <img decoding=\"async\" width=\"800\" height=\"608\" src=\"https:\/\/menoelle.cz\/wp-content\/uploads\/2022\/08\/meno-welcome-img-1.png\" class=\"attachment-custom-medium size-custom-medium\" alt=\"\" srcset=\"https:\/\/menoelle.cz\/wp-content\/uploads\/2022\/08\/meno-welcome-img-1.png 1410w, https:\/\/menoelle.cz\/wp-content\/uploads\/2022\/08\/meno-welcome-img-1-600x456.png 600w, https:\/\/menoelle.cz\/wp-content\/uploads\/2022\/08\/meno-welcome-img-1-300x228.png 300w, https:\/\/menoelle.cz\/wp-content\/uploads\/2022\/08\/meno-welcome-img-1-1024x779.png 1024w, https:\/\/menoelle.cz\/wp-content\/uploads\/2022\/08\/meno-welcome-img-1-768x584.png 768w, https:\/\/menoelle.cz\/wp-content\/uploads\/2022\/08\/meno-welcome-img-1-28x21.png 28w\" sizes=\"(max-width: 800px) 100vw, 800px\" \/>\n                                                    <a href=\"https:\/\/menoelle.cz\/wechseljahre-test\/test\" class=\"big-btn\" >\n                                <span>Test starten<\/span>\n                                <img decoding=\"async\" src=\"https:\/\/menoelle.cz\/wp-content\/themes\/menoelle\/assets\/img\/icons\/long-arrow.svg\" alt=\"Arrow\" \/>\n                            <\/a>\n                                            <\/div>\n                            <\/div>\n        <\/div>\n    <\/section>\n\n<\/div>\n\n        <\/div>\n    \n\n<\/div>","protected":false},"excerpt":{"rendered":"","protected":false},"author":294,"featured_media":0,"parent":0,"menu_order":6,"comment_status":"closed","ping_status":"closed","template":"","meta":{"footnotes":""},"class_list":["post-46","page","type-page","status-publish",""],"acf":[],"_links":{"self":[{"href":"https:\/\/menoelle.cz\/de\/wp-json\/wp\/v2\/pages\/46","targetHints":{"allow":["GET"]}}],"collection":[{"href":"https:\/\/menoelle.cz\/de\/wp-json\/wp\/v2\/pages"}],"about":[{"href":"https:\/\/menoelle.cz\/de\/wp-json\/wp\/v2\/types\/page"}],"author":[{"embeddable":true,"href":"https:\/\/menoelle.cz\/de\/wp-json\/wp\/v2\/users\/294"}],"replies":[{"embeddable":true,"href":"https:\/\/menoelle.cz\/de\/wp-json\/wp\/v2\/comments?post=46"}],"version-history":[{"count":10,"href":"https:\/\/menoelle.cz\/de\/wp-json\/wp\/v2\/pages\/46\/revisions"}],"predecessor-version":[{"id":26529,"href":"https:\/\/menoelle.cz\/de\/wp-json\/wp\/v2\/pages\/46\/revisions\/26529"}],"wp:attachment":[{"href":"https:\/\/menoelle.cz\/de\/wp-json\/wp\/v2\/media?parent=46"}],"curies":[{"name":"wp","href":"https:\/\/api.w.org\/{rel}","templated":true}]}}