{"id":50,"date":"2022-08-02T13:27:19","date_gmt":"2022-08-02T11:27:19","guid":{"rendered":"https:\/\/menoelle.cz\/?page_id=50"},"modified":"2023-09-19T17:30:37","modified_gmt":"2023-09-19T15:30:37","slug":"kontakt","status":"publish","type":"page","link":"https:\/\/menoelle.cz\/de\/kontakt\/","title":{"rendered":"Kontakt"},"content":{"rendered":"\n      <div id=\"block_6b3d1eb1f61529e52bd35d3ecabcd246\" class=\"flex-custom-bg alignfull not-prose l-block\" >\n  \n  \n            <div class=\"gradient-1 - Default - Opacity 1 \">\n            \n\n      <div id=\"block_cd42321d50b662d890f3b3065da1ff53\" class=\"contact-form alignfull not-prose l-block\" >\n  \n      <section class=\"contact-form-wrapper\">\n        <div class=\"container\">\n            <div class=\"row hide-mobile\">\n                <div class=\"col-lg-6 col-md-6 col-12 left-panel\">\n                    <div class=\"header\">\n                        Wir freuen uns auf Ihre Nachricht!\n                    <\/div>\n                    <div class=\"small-text\">\n                        *Pfilchtfelder                    <\/div>\n                    \n<div class=\"wpcf7 no-js\" id=\"wpcf7-f2623-o1\" lang=\"en-US\" dir=\"ltr\" data-wpcf7-id=\"2623\">\n<div class=\"screen-reader-response\"><p role=\"status\" aria-live=\"polite\" aria-atomic=\"true\"><\/p> <ul><\/ul><\/div>\n<form action=\"\/de\/wp-json\/wp\/v2\/pages\/50#wpcf7-f2623-o1\" method=\"post\" class=\"wpcf7-form init wpcf7-acceptance-as-validation\" aria-label=\"Contact form\" novalidate=\"novalidate\" data-status=\"init\">\n<div style=\"display: none;\">\n<input type=\"hidden\" name=\"_wpcf7\" value=\"2623\" \/>\n<input type=\"hidden\" name=\"_wpcf7_version\" value=\"6.0.3\" \/>\n<input type=\"hidden\" name=\"_wpcf7_locale\" value=\"en_US\" \/>\n<input type=\"hidden\" name=\"_wpcf7_unit_tag\" value=\"wpcf7-f2623-o1\" \/>\n<input type=\"hidden\" name=\"_wpcf7_container_post\" value=\"0\" \/>\n<input type=\"hidden\" name=\"_wpcf7_posted_data_hash\" value=\"\" \/>\n<input type=\"hidden\" name=\"_wpcf7_recaptcha_response\" value=\"\" \/>\n<\/div>\n<div class=\"contact-form\">\n    <div class=\"input-group\">\n        <span class=\"wpcf7-form-control-wrap\" data-name=\"gender\"><span class=\"wpcf7-form-control wpcf7-radio\"><span class=\"wpcf7-list-item first\"><label><input type=\"radio\" name=\"gender\" value=\"\u017dENA\" checked=\"checked\" \/><span class=\"wpcf7-list-item-label\">\u017dENA<\/span><\/label><\/span><span class=\"wpcf7-list-item\"><label><input type=\"radio\" name=\"gender\" value=\"MU\u017d\" \/><span class=\"wpcf7-list-item-label\">MU\u017d<\/span><\/label><\/span><span class=\"wpcf7-list-item last\"><label><input type=\"radio\" name=\"gender\" value=\"NEUV\u00c1D\u011aT\" \/><span class=\"wpcf7-list-item-label\">NEUV\u00c1D\u011aT<\/span><\/label><\/span><\/span><\/span>\n    <\/div>\n    <div class=\"input-group-content\">\n        <div class=\"row\">\n            <div class=\"col-lg-6 col-md-6 col-12\">\n                <label>JM\u00c9NO*\n                    <span class=\"wpcf7-form-control-wrap\" data-name=\"vorname\"><input size=\"40\" maxlength=\"400\" class=\"wpcf7-form-control wpcf7-text wpcf7-validates-as-required\" aria-required=\"true\" aria-invalid=\"false\" value=\"\" type=\"text\" name=\"vorname\" \/><\/span>\n                <\/label>\n            <\/div>\n            <div class=\"col-lg-6 col-md-6 col-12\">\n                <label>P\u0158\u00cdJMEN\u00cd*\n                    <span class=\"wpcf7-form-control-wrap\" data-name=\"nachname\"><input size=\"40\" maxlength=\"400\" class=\"wpcf7-form-control wpcf7-text wpcf7-validates-as-required\" aria-required=\"true\" aria-invalid=\"false\" value=\"\" type=\"text\" name=\"nachname\" \/><\/span>\n                <\/label>\n            <\/div>\n            <div class=\"col-lg-6 col-md-6 col-12\">\n                <label>E-MAIL*\n                    <span class=\"wpcf7-form-control-wrap\" data-name=\"email\"><input size=\"40\" maxlength=\"400\" class=\"wpcf7-form-control wpcf7-email wpcf7-validates-as-required wpcf7-text wpcf7-validates-as-email\" aria-required=\"true\" aria-invalid=\"false\" value=\"\" type=\"email\" name=\"email\" \/><\/span>\n                <\/label>\n            <\/div>\n            <div class=\"col-lg-6 col-md-6 col-12\">\n                <label>TELEFON\n                    <span class=\"wpcf7-form-control-wrap\" data-name=\"tel\"><input size=\"40\" maxlength=\"400\" class=\"wpcf7-form-control wpcf7-tel wpcf7-text wpcf7-validates-as-tel\" aria-invalid=\"false\" value=\"\" type=\"tel\" name=\"tel\" \/><\/span>\n                <\/label>\n            <\/div>\n            <div class=\"col-lg-6 col-md-6 col-12\">\n                <label>ULICE\n                    <span class=\"wpcf7-form-control-wrap\" data-name=\"strasse\"><input size=\"40\" maxlength=\"400\" class=\"wpcf7-form-control wpcf7-text\" aria-invalid=\"false\" value=\"\" type=\"text\" name=\"strasse\" \/><\/span>\n                <\/label>\n            <\/div>\n            <div class=\"col-lg-6 col-md-6 col-12\">\n                <label>PS\u010c \/ M\u011aSTO\n                    <span class=\"wpcf7-form-control-wrap\" data-name=\"plz-ort\"><input size=\"40\" maxlength=\"400\" class=\"wpcf7-form-control wpcf7-text\" aria-invalid=\"false\" value=\"\" type=\"text\" name=\"plz-ort\" \/><\/span>\n                <\/label>\n            <\/div>\n            <div class=\"col-12\">\n                <label>VA\u0160E ZPR\u00c1VA<\/br>\n                    <span class=\"wpcf7-form-control-wrap\" data-name=\"ihre-nachricht\"><textarea cols=\"40\" rows=\"10\" maxlength=\"2000\" class=\"wpcf7-form-control wpcf7-textarea\" aria-invalid=\"false\" name=\"ihre-nachricht\"><\/textarea><\/span>\n                <\/label>\n            <\/div>\n        <\/div>\n    <\/div>\n    <div class=\"row\">\n        <div class=\"col-12 flex-accept-wrapper\">\n            <div class=\"acceptance-wrapper\">\n                <span class=\"wpcf7-form-control-wrap\" data-name=\"acceptance\"><span class=\"wpcf7-form-control wpcf7-acceptance\"><span class=\"wpcf7-list-item\"><label><input type=\"checkbox\" name=\"acceptance\" value=\"1\" aria-invalid=\"false\" \/><span class=\"wpcf7-list-item-label\">Souhlas\u00edm s t\u00edm, \u017ee m\u00e9 \u00fadaje z kontaktn\u00edho formul\u00e1\u0159e budou shroma\u017e\u010fov\u00e1ny a zpracov\u00e1v\u00e1ny za \u00fa\u010delem zodpov\u011bzen\u00ed m\u00e9ho dotazu. \u00dadaje budou vymaz\u00e1ny po zpracov\u00e1n\u00ed va\u0161\u00ed \u017e\u00e1dosti. Pozn\u00e1mka: Sv\u016fj souhlas m\u016f\u017eete kdykoli v budoucnu odvolat zasl\u00e1n\u00edm e-mailu na adresu <a href=\"mailto:info@elvapharma.com\">info@elvapharma.com<\/a>. Detailn\u00ed informace o tom, jak nakl\u00e1d\u00e1me s u\u017eivatelsk\u00fdmi \u00fadaji, najdete v na\u0161\u00ed <a href=\"https:\/\/menoelle.cz\/ochrana-dat\/\">Ochran\u011b dat<\/a>.<\/span><\/label><\/span><\/span><\/span>\n            <\/div>\n            <button type=\"submit\" class=\"send-btn\">\n                <div class=\"flex items-center justify-between justify-mobile\">\n                    Poslat\n                    <img decoding=\"async\" src=\"\/wp-content\/themes\/menoelle\/assets\/img\/icons\/white-circle-arrow.svg\" \/>\n                <\/div>\n            <\/button>\n        <\/div>\n    <\/div>\n<\/div><div class=\"wpcf7-response-output\" aria-hidden=\"true\"><\/div>\n<\/form>\n<\/div>\n                <\/div>\n                <div class=\"col-lg-6 col-md-6 col-12 right-panel\">\n                    <div class=\"info-panel\">\n                        <div class=\"inside-info-panel\">\n                            <div class=\"bold\">\n                                <div class=\"flex item-wrapper\">\n                                    <img decoding=\"async\" src=\"https:\/\/menoelle.cz\/wp-content\/themes\/menoelle\/assets\/img\/icons\/mail.svg\" \/>\n                                    <p><a href=\"mailto:info@elvapharma.com\">info@elvapharma.com<\/a><\/p>\n                                <\/div>\n<!--                                <hr>\n                                <div class=\"flex item-wrapper\">\n                                    <img decoding=\"async\" src=\"\" \/>\n                                                                    <\/div>-->\n                                <hr>\n                            <\/div>\n                            <div class=\"normal\">\n                                <div class=\"flex item-wrapper\">\n                                    <img decoding=\"async\" src=\"https:\/\/menoelle.cz\/wp-content\/themes\/menoelle\/assets\/img\/icons\/map-pin.svg\" \/>\n                                    <p><strong>PhytoLife Pharma GmbH<\/strong><br \/>\nWinsstrasse 59<br \/>\n10405 Berlin<br \/>\nDeutschland<\/p>\n                                <\/div>\n                            <\/div>\n                        <\/div>\n                    <\/div>\n                    \n\n<figure class=\"wp-block-image size-large\"><img decoding=\"async\" width=\"1024\" height=\"779\" src=\"https:\/\/menoelle.cz\/wp-content\/uploads\/2022\/08\/meno-welcome-img-1-1024x779.png\" alt=\"\" class=\"wp-image-450\" srcset=\"https:\/\/menoelle.cz\/wp-content\/uploads\/2022\/08\/meno-welcome-img-1-1024x779.png 1024w, https:\/\/menoelle.cz\/wp-content\/uploads\/2022\/08\/meno-welcome-img-1-600x456.png 600w, https:\/\/menoelle.cz\/wp-content\/uploads\/2022\/08\/meno-welcome-img-1-300x228.png 300w, https:\/\/menoelle.cz\/wp-content\/uploads\/2022\/08\/meno-welcome-img-1-768x584.png 768w, https:\/\/menoelle.cz\/wp-content\/uploads\/2022\/08\/meno-welcome-img-1-28x21.png 28w, https:\/\/menoelle.cz\/wp-content\/uploads\/2022\/08\/meno-welcome-img-1.png 1410w\" sizes=\"(max-width: 1024px) 100vw, 1024px\" \/><\/figure>\n\n\n                <\/div>\n            <\/div>\n\n            \n            <div class=\"row visible-mobile\">\n                <div class=\"col-12 left-panel\">\n                    <div class=\"header\">\n                        Wir freuen uns auf Ihre Nachricht!\n                    <\/div>\n                    <div class=\"row\">\n                        <div class=\"col-12 right-panel\">\n                            <div class=\"info-panel\">\n                                <div class=\"inside-info-panel\">\n                                    <div class=\"bold\">\n                                        <div class=\"flex item-wrapper\">\n                                            <img decoding=\"async\" src=\"https:\/\/menoelle.cz\/wp-content\/themes\/menoelle\/assets\/img\/icons\/mail.svg\" \/>\n                                            <p><a href=\"mailto:info@elvapharma.com\">info@elvapharma.com<\/a><\/p>\n                                        <\/div>\n<!--                                        <hr>\n                                        <div class=\"flex item-wrapper\">\n                                            <img decoding=\"async\" src=\"\" \/>\n                                                                                    <\/div>-->\n                                        <hr>\n                                    <\/div>\n                                    <div class=\"normal\">\n                                        <div class=\"flex item-wrapper\">\n                                            <img decoding=\"async\" src=\"https:\/\/menoelle.cz\/wp-content\/themes\/menoelle\/assets\/img\/icons\/map-pin.svg\" \/>\n                                            <p><strong>PhytoLife Pharma GmbH<\/strong><br \/>\nWinsstrasse 59<br \/>\n10405 Berlin<br \/>\nDeutschland<\/p>\n                                        <\/div>\n                                    <\/div>\n                                <\/div>\n                            <\/div>\n                        <\/div>\n                    <\/div>\n                    <div class=\"small-text\">\n                        *Pfilchtfelder                    <\/div>\n                    \n<div class=\"wpcf7 no-js\" id=\"wpcf7-f2623-o1\" lang=\"en-US\" dir=\"ltr\" data-wpcf7-id=\"2623\">\n<div class=\"screen-reader-response\"><p role=\"status\" aria-live=\"polite\" aria-atomic=\"true\"><\/p> <ul><\/ul><\/div>\n<form action=\"\/de\/wp-json\/wp\/v2\/pages\/50#wpcf7-f2623-o1\" method=\"post\" class=\"wpcf7-form init wpcf7-acceptance-as-validation\" aria-label=\"Contact form\" novalidate=\"novalidate\" data-status=\"init\">\n<div style=\"display: none;\">\n<input type=\"hidden\" name=\"_wpcf7\" value=\"2623\" \/>\n<input type=\"hidden\" name=\"_wpcf7_version\" value=\"6.0.3\" \/>\n<input type=\"hidden\" name=\"_wpcf7_locale\" value=\"en_US\" \/>\n<input type=\"hidden\" name=\"_wpcf7_unit_tag\" value=\"wpcf7-f2623-o1\" \/>\n<input type=\"hidden\" name=\"_wpcf7_container_post\" value=\"0\" \/>\n<input type=\"hidden\" name=\"_wpcf7_posted_data_hash\" value=\"\" \/>\n<input type=\"hidden\" name=\"_wpcf7_recaptcha_response\" value=\"\" \/>\n<\/div>\n<div class=\"contact-form\">\n    <div class=\"input-group\">\n        <span class=\"wpcf7-form-control-wrap\" data-name=\"gender\"><span class=\"wpcf7-form-control wpcf7-radio\"><span class=\"wpcf7-list-item first\"><label><input type=\"radio\" name=\"gender\" value=\"\u017dENA\" checked=\"checked\" \/><span class=\"wpcf7-list-item-label\">\u017dENA<\/span><\/label><\/span><span class=\"wpcf7-list-item\"><label><input type=\"radio\" name=\"gender\" value=\"MU\u017d\" \/><span class=\"wpcf7-list-item-label\">MU\u017d<\/span><\/label><\/span><span class=\"wpcf7-list-item last\"><label><input type=\"radio\" name=\"gender\" value=\"NEUV\u00c1D\u011aT\" \/><span class=\"wpcf7-list-item-label\">NEUV\u00c1D\u011aT<\/span><\/label><\/span><\/span><\/span>\n    <\/div>\n    <div class=\"input-group-content\">\n        <div class=\"row\">\n            <div class=\"col-lg-6 col-md-6 col-12\">\n                <label>JM\u00c9NO*\n                    <span class=\"wpcf7-form-control-wrap\" data-name=\"vorname\"><input size=\"40\" maxlength=\"400\" class=\"wpcf7-form-control wpcf7-text wpcf7-validates-as-required\" aria-required=\"true\" aria-invalid=\"false\" value=\"\" type=\"text\" name=\"vorname\" \/><\/span>\n                <\/label>\n            <\/div>\n            <div class=\"col-lg-6 col-md-6 col-12\">\n                <label>P\u0158\u00cdJMEN\u00cd*\n                    <span class=\"wpcf7-form-control-wrap\" data-name=\"nachname\"><input size=\"40\" maxlength=\"400\" class=\"wpcf7-form-control wpcf7-text wpcf7-validates-as-required\" aria-required=\"true\" aria-invalid=\"false\" value=\"\" type=\"text\" name=\"nachname\" \/><\/span>\n                <\/label>\n            <\/div>\n            <div class=\"col-lg-6 col-md-6 col-12\">\n                <label>E-MAIL*\n                    <span class=\"wpcf7-form-control-wrap\" data-name=\"email\"><input size=\"40\" maxlength=\"400\" class=\"wpcf7-form-control wpcf7-email wpcf7-validates-as-required wpcf7-text wpcf7-validates-as-email\" aria-required=\"true\" aria-invalid=\"false\" value=\"\" type=\"email\" name=\"email\" \/><\/span>\n                <\/label>\n            <\/div>\n            <div class=\"col-lg-6 col-md-6 col-12\">\n                <label>TELEFON\n                    <span class=\"wpcf7-form-control-wrap\" data-name=\"tel\"><input size=\"40\" maxlength=\"400\" class=\"wpcf7-form-control wpcf7-tel wpcf7-text wpcf7-validates-as-tel\" aria-invalid=\"false\" value=\"\" type=\"tel\" name=\"tel\" \/><\/span>\n                <\/label>\n            <\/div>\n            <div class=\"col-lg-6 col-md-6 col-12\">\n                <label>ULICE\n                    <span class=\"wpcf7-form-control-wrap\" data-name=\"strasse\"><input size=\"40\" maxlength=\"400\" class=\"wpcf7-form-control wpcf7-text\" aria-invalid=\"false\" value=\"\" type=\"text\" name=\"strasse\" \/><\/span>\n                <\/label>\n            <\/div>\n            <div class=\"col-lg-6 col-md-6 col-12\">\n                <label>PS\u010c \/ M\u011aSTO\n                    <span class=\"wpcf7-form-control-wrap\" data-name=\"plz-ort\"><input size=\"40\" maxlength=\"400\" class=\"wpcf7-form-control wpcf7-text\" aria-invalid=\"false\" value=\"\" type=\"text\" name=\"plz-ort\" \/><\/span>\n                <\/label>\n            <\/div>\n            <div class=\"col-12\">\n                <label>VA\u0160E ZPR\u00c1VA<\/br>\n                    <span class=\"wpcf7-form-control-wrap\" data-name=\"ihre-nachricht\"><textarea cols=\"40\" rows=\"10\" maxlength=\"2000\" class=\"wpcf7-form-control wpcf7-textarea\" aria-invalid=\"false\" name=\"ihre-nachricht\"><\/textarea><\/span>\n                <\/label>\n            <\/div>\n        <\/div>\n    <\/div>\n    <div class=\"row\">\n        <div class=\"col-12 flex-accept-wrapper\">\n            <div class=\"acceptance-wrapper\">\n                <span class=\"wpcf7-form-control-wrap\" data-name=\"acceptance\"><span class=\"wpcf7-form-control wpcf7-acceptance\"><span class=\"wpcf7-list-item\"><label><input type=\"checkbox\" name=\"acceptance\" value=\"1\" aria-invalid=\"false\" \/><span class=\"wpcf7-list-item-label\">Souhlas\u00edm s t\u00edm, \u017ee m\u00e9 \u00fadaje z kontaktn\u00edho formul\u00e1\u0159e budou shroma\u017e\u010fov\u00e1ny a zpracov\u00e1v\u00e1ny za \u00fa\u010delem zodpov\u011bzen\u00ed m\u00e9ho dotazu. \u00dadaje budou vymaz\u00e1ny po zpracov\u00e1n\u00ed va\u0161\u00ed \u017e\u00e1dosti. Pozn\u00e1mka: Sv\u016fj souhlas m\u016f\u017eete kdykoli v budoucnu odvolat zasl\u00e1n\u00edm e-mailu na adresu <a href=\"mailto:info@elvapharma.com\">info@elvapharma.com<\/a>. Detailn\u00ed informace o tom, jak nakl\u00e1d\u00e1me s u\u017eivatelsk\u00fdmi \u00fadaji, najdete v na\u0161\u00ed <a href=\"https:\/\/menoelle.cz\/ochrana-dat\/\">Ochran\u011b dat<\/a>.<\/span><\/label><\/span><\/span><\/span>\n            <\/div>\n            <button type=\"submit\" class=\"send-btn\">\n                <div class=\"flex items-center justify-between justify-mobile\">\n                    Poslat\n                    <img decoding=\"async\" src=\"\/wp-content\/themes\/menoelle\/assets\/img\/icons\/white-circle-arrow.svg\" \/>\n                <\/div>\n            <\/button>\n        <\/div>\n    <\/div>\n<\/div><div class=\"wpcf7-response-output\" aria-hidden=\"true\"><\/div>\n<\/form>\n<\/div>\n                <\/div>\n                <div class=\"col-12 right-panel\">\n                    \n\n<figure class=\"wp-block-image size-large\"><img decoding=\"async\" width=\"1024\" height=\"779\" src=\"https:\/\/menoelle.cz\/wp-content\/uploads\/2022\/08\/meno-welcome-img-1-1024x779.png\" alt=\"\" class=\"wp-image-450\" srcset=\"https:\/\/menoelle.cz\/wp-content\/uploads\/2022\/08\/meno-welcome-img-1-1024x779.png 1024w, https:\/\/menoelle.cz\/wp-content\/uploads\/2022\/08\/meno-welcome-img-1-600x456.png 600w, https:\/\/menoelle.cz\/wp-content\/uploads\/2022\/08\/meno-welcome-img-1-300x228.png 300w, https:\/\/menoelle.cz\/wp-content\/uploads\/2022\/08\/meno-welcome-img-1-768x584.png 768w, https:\/\/menoelle.cz\/wp-content\/uploads\/2022\/08\/meno-welcome-img-1-28x21.png 28w, https:\/\/menoelle.cz\/wp-content\/uploads\/2022\/08\/meno-welcome-img-1.png 1410w\" sizes=\"(max-width: 1024px) 100vw, 1024px\" \/><\/figure>\n\n\n                <\/div>\n            <\/div>\n        <\/div>\n    <\/section>\n<\/div>\n\n        <\/div>\n    \n\n<\/div>","protected":false},"excerpt":{"rendered":"","protected":false},"author":294,"featured_media":0,"parent":0,"menu_order":11,"comment_status":"closed","ping_status":"closed","template":"","meta":{"footnotes":""},"class_list":["post-50","page","type-page","status-publish",""],"acf":[],"_links":{"self":[{"href":"https:\/\/menoelle.cz\/de\/wp-json\/wp\/v2\/pages\/50","targetHints":{"allow":["GET"]}}],"collection":[{"href":"https:\/\/menoelle.cz\/de\/wp-json\/wp\/v2\/pages"}],"about":[{"href":"https:\/\/menoelle.cz\/de\/wp-json\/wp\/v2\/types\/page"}],"author":[{"embeddable":true,"href":"https:\/\/menoelle.cz\/de\/wp-json\/wp\/v2\/users\/294"}],"replies":[{"embeddable":true,"href":"https:\/\/menoelle.cz\/de\/wp-json\/wp\/v2\/comments?post=50"}],"version-history":[{"count":2,"href":"https:\/\/menoelle.cz\/de\/wp-json\/wp\/v2\/pages\/50\/revisions"}],"predecessor-version":[{"id":27270,"href":"https:\/\/menoelle.cz\/de\/wp-json\/wp\/v2\/pages\/50\/revisions\/27270"}],"wp:attachment":[{"href":"https:\/\/menoelle.cz\/de\/wp-json\/wp\/v2\/media?parent=50"}],"curies":[{"name":"wp","href":"https:\/\/api.w.org\/{rel}","templated":true}]}}