{"id":72,"date":"2022-08-02T15:22:22","date_gmt":"2022-08-02T13:22:22","guid":{"rendered":"https:\/\/menoelle.cz\/?page_id=72"},"modified":"2023-01-16T17:18:15","modified_gmt":"2023-01-16T16:18:15","slug":"zahlung-und-versand","status":"publish","type":"page","link":"https:\/\/menoelle.cz\/de\/zahlung-und-versand\/","title":{"rendered":"Zahlung und Versand"},"content":{"rendered":"\n      <div id=\"block_0bf491a74fbb15b38ed7ab61dc33bdc4\" class=\"flex-custom-bg alignfull not-prose l-block\" >\n  \n  \n            <div class=\"gradient-default \">\n            \n\n      <div id=\"block_cb0215c653311d91c86ddb9050b749f6\" class=\"zahlung alignfull not-prose l-block\" >\n  \n  \n        <section class=\"zahlung-wrapper\">\n        <div class=\"zahlung-container\">\n            <div class=\"row\">\n                <div class=\"col-12\">\n                                            <div class=\"header\">\n                            Zahlung und Versand\n                        <\/div>\n                                        <div class=\"zahlung-box\">\n                        <p>Ihre Bestellung im unserem Onlineshop k\u00f6nnen Sie mit folgenden Zahlungsmitteln bezahlen:<\/p>\n                                                    <div class=\"flex payments\">\n                                                                    <div class=\"payment-method\">\n                                        <img decoding=\"async\" width=\"85\" height=\"27\" src=\"https:\/\/menoelle.cz\/wp-content\/uploads\/2022\/09\/visa.svg\" class=\"attachment-full size-full\" alt=\"\" \/>                                    <\/div>\n                                                                    <div class=\"payment-method\">\n                                        <img decoding=\"async\" width=\"88\" height=\"23\" src=\"https:\/\/menoelle.cz\/wp-content\/uploads\/2022\/09\/PayPal.svg\" class=\"attachment-full size-full\" alt=\"\" \/>                                    <\/div>\n                                                                    <div class=\"payment-method\">\n                                        <img decoding=\"async\" width=\"59\" height=\"36\" src=\"https:\/\/menoelle.cz\/wp-content\/uploads\/2022\/09\/group.svg\" class=\"attachment-full size-full\" alt=\"\" \/>                                    <\/div>\n                                                                    <div class=\"payment-method\">\n                                        <img decoding=\"async\" width=\"80\" height=\"23\" src=\"https:\/\/menoelle.cz\/wp-content\/uploads\/2022\/09\/american-express.svg\" class=\"attachment-full size-full\" alt=\"\" \/>                                    <\/div>\n                                                                    <div class=\"payment-method\">\n                                        <img decoding=\"async\" width=\"77\" height=\"36\" src=\"https:\/\/menoelle.cz\/wp-content\/uploads\/2022\/09\/apple-pay.svg\" class=\"attachment-full size-full\" alt=\"\" \/>                                    <\/div>\n                                                                    <div class=\"payment-method\">\n                                        <img decoding=\"async\" width=\"84\" height=\"19\" src=\"https:\/\/menoelle.cz\/wp-content\/uploads\/2022\/09\/Klarna.svg\" class=\"attachment-full size-full\" alt=\"\" \/>                                    <\/div>\n                                                                    <div class=\"payment-method\">\n                                        <img decoding=\"async\" width=\"89\" height=\"39\" src=\"https:\/\/menoelle.cz\/wp-content\/uploads\/2022\/09\/visa-electron.svg\" class=\"attachment-full size-full\" alt=\"\" \/>                                    <\/div>\n                                                                    <div class=\"payment-method\">\n                                        <img decoding=\"async\" width=\"94\" height=\"35\" src=\"https:\/\/menoelle.cz\/wp-content\/uploads\/2022\/09\/master-card-secure-code.svg\" class=\"attachment-full size-full\" alt=\"\" \/>                                    <\/div>\n                                                            <\/div>\n                                            <\/div>\n                <\/div>\n                <div class=\"col-12\">\n                                            <div class=\"left-outline-heading\">\n                            Versand und Lieferung\n                        <\/div>\n                    \n                                            <div class=\"above-table\">\n                            <p>F\u00fcr Ihre Bestellung ergeben sich folgende Versandkosten und Lieferzeiten:<\/p>\n                        <\/div>\n                    \n\n                                            <div class=\"overflow\">\n                            <table>\n                                \n                                    <tr>\n                                        <td>\n                                            Land                                        <\/td>\n                                        <td>\n                                            Versandart                                        <\/td>\n                                        <td>\n                                            Lieferzeit                                        <\/td>\n                                        <td>\n                                            Versandkosten                                        <\/td>\n                                        <td>\n                                            Versandfrei ab einem Bestellwert \u00fcber                                         <\/td>\n                                    <\/tr>\n\n                                \n                                    <tr>\n                                        <td>\n                                            Deutschland                                        <\/td>\n                                        <td>\n                                            DHL Standard                                        <\/td>\n                                        <td>\n                                            1-3 Arbeitstage                                        <\/td>\n                                        <td>\n                                            4,95 EUR                                        <\/td>\n                                        <td>\n                                            50,00 EUR                                        <\/td>\n                                    <\/tr>\n\n                                \n                                    <tr>\n                                        <td>\n                                            \u00d6sterreich                                        <\/td>\n                                        <td>\n                                            DHL Standard                                        <\/td>\n                                        <td>\n                                            4-7 Arbeitstage                                        <\/td>\n                                        <td>\n                                            10,45 EUR                                        <\/td>\n                                        <td>\n                                            75,00 EUR                                        <\/td>\n                                    <\/tr>\n\n                                \n                                    <tr>\n                                        <td>\n                                            Schweiz                                        <\/td>\n                                        <td>\n                                            DHL Standard                                        <\/td>\n                                        <td>\n                                            4-7 Arbeitstage                                        <\/td>\n                                        <td>\n                                            10,45 EUR                                        <\/td>\n                                        <td>\n                                            75,00 EUR                                        <\/td>\n                                    <\/tr>\n\n                                                            <\/table>\n                        <\/div>\n                    \n                                            <div class=\"under-table\">\n                            <p>In andere L\u00e4nder sind momentan leider keine Lieferungen m\u00f6glich.<\/p>\n                        <\/div>\n                    \n                <\/div>\n                <div class=\"col-12\">\n                                            <div class=\"content\">\n                            <div class=\"flex outline-left\"><h1>Allgemeine Informationen zum Versand<\/h1><\/div>\n<p>Alle Bestellungen, die vor 12 Uhr aufgegeben werden, werden noch am selben Tag von Deutschland aus mit DHL versandt. Bestellungen, die am Wochenende aufgegeben werden, werden am darauffolgenden Werktag versandt. Alle Bestellungen k\u00f6nnen durch die Tracking-Nummer vom Versand bis zur Zustellung verfolgt werden.<\/p>\n<h2>Verpasste Zustellung<\/h2>\n<p>Falls Sie zum Zeitpunkt der Lieferung nicht zu Hause sind, wird die Lieferung im Allgemeinen bei einer DHL-Station f\u00fcr Sie deponiert. Von diesem Zeitpunkt an haben Sie bis zu 7 Tagen Zeit, das Paket abzuholen, danach wird das Paket als nicht zustellbar an uns zur\u00fcckgeschickt.<\/p>\n<h2>Nicht zustellbare Lieferung<\/h2>\n<p>Pakete, die als nicht zustellbar an uns zur\u00fcckverschickt wurden, versenden wir nicht erneut. Der Preis Ihrer Bestellung wird Ihnen in diesem Fall selbstverst\u00e4ndlich erstattet, nicht aber die Lieferkosten.<\/p>\n<h2>Versp\u00e4tete oder verloren gegangene Bestellungen<\/h2>\n<p>Ein P\u00e4ckchen gilt als verloren gegangen, wenn es national nach einem Zeitraum von 8 Tagen und international nach einem Zeitraum von 13 Tagen nicht angekommen ist. Danach k\u00f6nnen Sie uns mit einer Nachforschung beauftragen. Eine R\u00fcckmeldung durch eine Nachforschung kann 6-8 Wochen dauern.<\/p>\n<p>Obwohl Auftr\u00e4ge normalerweise weniger lange dauern, sind wir nicht in der Lage, vor Ablauf dieses Zeitraums einen Ersatz zu gew\u00e4hrleisten.<\/p>\n<p>Wir sind nicht verantwortlich f\u00fcr sonstige direkte oder indirekte Verluste oder Sch\u00e4den des Kunden aufgrund einer Versp\u00e4tung oder fehlerhaften Lieferung, unabh\u00e4ngig von der Liefermethode.<\/p>\n<h2>Verzollung<\/h2>\n<p>Bitte seien Sie sich bewusst, dass durch das Zollamt Ihres Landes eine Verz\u00f6gerung der Lieferung verursacht werden kann. Alle Kosten, die bei einer Verzollung erhoben werden, tr\u00e4gt der K\u00e4ufer. Eine Widerrufsbelehrung finden Sie unter: <a href=\"https:\/\/menoelle.cz\/agbs-und-widerruf\">https:\/\/menoelle.cz\/widerruf<\/a><\/p>\n                        <\/div>\n                                    <\/div>\n            <\/div>\n        <\/div>\n    <\/section>\n\n<\/div>\n\n        <\/div>\n    \n\n<\/div>","protected":false},"excerpt":{"rendered":"","protected":false},"author":294,"featured_media":0,"parent":0,"menu_order":23,"comment_status":"closed","ping_status":"closed","template":"","meta":{"footnotes":""},"class_list":["post-72","page","type-page","status-publish",""],"acf":[],"_links":{"self":[{"href":"https:\/\/menoelle.cz\/de\/wp-json\/wp\/v2\/pages\/72","targetHints":{"allow":["GET"]}}],"collection":[{"href":"https:\/\/menoelle.cz\/de\/wp-json\/wp\/v2\/pages"}],"about":[{"href":"https:\/\/menoelle.cz\/de\/wp-json\/wp\/v2\/types\/page"}],"author":[{"embeddable":true,"href":"https:\/\/menoelle.cz\/de\/wp-json\/wp\/v2\/users\/294"}],"replies":[{"embeddable":true,"href":"https:\/\/menoelle.cz\/de\/wp-json\/wp\/v2\/comments?post=72"}],"version-history":[{"count":0,"href":"https:\/\/menoelle.cz\/de\/wp-json\/wp\/v2\/pages\/72\/revisions"}],"wp:attachment":[{"href":"https:\/\/menoelle.cz\/de\/wp-json\/wp\/v2\/media?parent=72"}],"curies":[{"name":"wp","href":"https:\/\/api.w.org\/{rel}","templated":true}]}}